{"id":1385,"date":"2024-01-18T13:53:33","date_gmt":"2024-01-18T12:53:33","guid":{"rendered":"https:\/\/barteatreneu.com\/trabaja-con-nosotros\/"},"modified":"2024-03-15T12:30:59","modified_gmt":"2024-03-15T11:30:59","slug":"treballa-amb-nosaltres","status":"publish","type":"page","link":"https:\/\/barteatreneu.com\/ca\/treballa-amb-nosaltres\/","title":{"rendered":"Treballa amb Nosaltres"},"content":{"rendered":"\n<style type=\"text\/css\" data-created_by=\"avia_inline_auto\" id=\"style-css-av-sooll-196d8f0a92f238e7ed9f93437216e1a2\">\n.avia-section.av-sooll-196d8f0a92f238e7ed9f93437216e1a2{\nbackground-repeat:no-repeat;\nbackground-image:url(https:\/\/barteatreneu.com\/wp-content\/uploads\/2024\/01\/trabaja.jpg);\nbackground-position:50% 50%;\nbackground-attachment:scroll;\n}\n.avia-section.av-sooll-196d8f0a92f238e7ed9f93437216e1a2 .av-section-color-overlay{\nopacity:0.4;\nbackground-color:#000000;\n}\n<\/style>\n<div id='av_section_1'  class='avia-section av-sooll-196d8f0a92f238e7ed9f93437216e1a2 main_color avia-section-huge avia-no-border-styling  avia-builder-el-0  el_before_av_section  avia-builder-el-first  avia-full-stretch avia-bg-style-scroll av-section-color-overlay-active container_wrap fullsize'  data-section-bg-repeat='stretch'><div class=\"av-section-color-overlay-wrap\"><div class=\"av-section-color-overlay\"><\/div><div class='container av-section-cont-open' ><main  role=\"main\" itemprop=\"mainContentOfPage\"  class='template-page content  av-content-full alpha units'><div class='post-entry post-entry-type-page post-entry-1385'><div class='entry-content-wrapper clearfix'>\n\n<style type=\"text\/css\" data-created_by=\"avia_inline_auto\" id=\"style-css-av-lrj9rtox-fb4ae533a755305ac561a521f4741200\">\n#top .av-special-heading.av-lrj9rtox-fb4ae533a755305ac561a521f4741200{\npadding-bottom:0;\nfont-size:90px;\n}\nbody .av-special-heading.av-lrj9rtox-fb4ae533a755305ac561a521f4741200 .av-special-heading-tag .heading-char{\nfont-size:25px;\n}\n#top #wrap_all .av-special-heading.av-lrj9rtox-fb4ae533a755305ac561a521f4741200 .av-special-heading-tag{\nfont-size:90px;\n}\n.av-special-heading.av-lrj9rtox-fb4ae533a755305ac561a521f4741200 .av-subheading{\nfont-size:15px;\n}\n\n@media only screen and (min-width: 480px) and (max-width: 767px){ \n#top #wrap_all .av-special-heading.av-lrj9rtox-fb4ae533a755305ac561a521f4741200 .av-special-heading-tag{\nfont-size:0.8em;\n}\n}\n\n@media only screen and (max-width: 479px){ \n#top #wrap_all .av-special-heading.av-lrj9rtox-fb4ae533a755305ac561a521f4741200 .av-special-heading-tag{\nfont-size:0.8em;\n}\n}\n<\/style>\n<div  class='av-special-heading av-lrj9rtox-fb4ae533a755305ac561a521f4741200 av-special-heading-h3 blockquote modern-quote modern-centered  avia-builder-el-1  avia-builder-el-no-sibling  av-inherit-size'><h3 class='av-special-heading-tag'  itemprop=\"headline\"  >Treballa amb Nosaltres<\/h3><div class=\"special-heading-border\"><div class=\"special-heading-inner-border\"><\/div><\/div><\/div>\n\n<\/div><\/div><\/main><!-- close content main element --><\/div><\/div><\/div>\n<style type=\"text\/css\" data-created_by=\"avia_inline_auto\" id=\"style-css-av-m1p7d-d6bc1ffb16d5ed46a89c847471ab0001\">\n.avia-section.av-m1p7d-d6bc1ffb16d5ed46a89c847471ab0001{\nbackground-color:#ffffff;\nbackground-image:unset;\n}\n<\/style>\n<div id='av_section_2'  class='avia-section av-m1p7d-d6bc1ffb16d5ed46a89c847471ab0001 main_color avia-section-default avia-no-border-styling  avia-builder-el-2  el_after_av_section  avia-builder-el-last  avia-bg-style-scroll container_wrap fullsize'  ><div class='container av-section-cont-open' ><div class='template-page content  av-content-full alpha units'><div class='post-entry post-entry-type-page post-entry-1385'><div class='entry-content-wrapper clearfix'>\n<div class='flex_column av-eqcht-8f8720e01dde7a9172b8894f51fd78ca av_one_half  avia-builder-el-3  el_before_av_one_half  avia-builder-el-first  first flex_column_div '     ><p>\n<style type=\"text\/css\" data-created_by=\"avia_inline_auto\" id=\"style-css-av-lrj9tine-5264cb4ff75173a898890df2339c8eae\">\n#top .av-special-heading.av-lrj9tine-5264cb4ff75173a898890df2339c8eae{\npadding-bottom:10px;\ncolor:#000000;\nfont-size:50px;\n}\nbody .av-special-heading.av-lrj9tine-5264cb4ff75173a898890df2339c8eae .av-special-heading-tag .heading-char{\nfont-size:25px;\n}\n#top #wrap_all .av-special-heading.av-lrj9tine-5264cb4ff75173a898890df2339c8eae .av-special-heading-tag{\nfont-size:50px;\n}\n.av-special-heading.av-lrj9tine-5264cb4ff75173a898890df2339c8eae .special-heading-inner-border{\nborder-color:#000000;\n}\n.av-special-heading.av-lrj9tine-5264cb4ff75173a898890df2339c8eae .av-subheading{\nfont-size:15px;\n}\n\n@media only screen and (min-width: 480px) and (max-width: 767px){ \n#top #wrap_all .av-special-heading.av-lrj9tine-5264cb4ff75173a898890df2339c8eae .av-special-heading-tag{\nfont-size:0.8em;\n}\n}\n\n@media only screen and (max-width: 479px){ \n#top #wrap_all .av-special-heading.av-lrj9tine-5264cb4ff75173a898890df2339c8eae .av-special-heading-tag{\nfont-size:0.8em;\n}\n}\n<\/style>\n<div  class='av-special-heading av-lrj9tine-5264cb4ff75173a898890df2339c8eae av-special-heading-h2 custom-color-heading blockquote modern-quote  avia-builder-el-4  el_before_av_textblock  avia-builder-el-first  av-inherit-size'><h2 class='av-special-heading-tag'  itemprop=\"headline\"  >Vols treballar amb nosaltres?<\/h2><div class=\"special-heading-border\"><div class=\"special-heading-inner-border\"><\/div><\/div><\/div><br \/>\n\n<style type=\"text\/css\" data-created_by=\"avia_inline_auto\" id=\"style-css-av-lrj9ts1l-eff6e10d78eb7ace54c907dd8ecdc3b4\">\n#top .av_textblock_section.av-lrj9ts1l-eff6e10d78eb7ace54c907dd8ecdc3b4 .avia_textblock{\ncolor:#000000;\n}\n<\/style>\n<section  class='av_textblock_section av-lrj9ts1l-eff6e10d78eb7ace54c907dd8ecdc3b4'  itemscope=\"itemscope\" itemtype=\"https:\/\/schema.org\/CreativeWork\" ><div class='avia_textblock av_inherit_color'  itemprop=\"text\" ><section class=\"av_textblock_section av-ll0rbgit-7ab16cb2462ef9f9195e77bf23030ad0\">\n<div class=\"avia_textblock\">\n<p>Peri\u00f2dicament el Grup Ovella Negra necessita o coneix empreses que necessiten professionals per als seus locals.<\/p>\n<p>\u00c9s per aix\u00f2, si t\u2019agrada la idea de treballar en un dels nostres locals, tens l\u2019oportunitat de fer-nos arribar el teu curr\u00edculum al email <strong>comunicacio@ovellanegra.com<\/strong><\/p>\n<p>Nom\u00e9s es consideren els candidats que tinguin perm\u00eds de resid\u00e8ncia i treball a Espanya.<\/p>\n<p>Nom\u00e9s es contactar\u00e0 amb els candidats preseleccionats.<\/p>\n<\/div>\n<\/section>\n<div class=\"hr av-llmbsbur-078acc74ece1be146eab973c17c49fb8 hr-invisible avia-builder-el-7 el_after_av_textblock avia-builder-el-last \"><\/div>\n<\/div><\/section><\/p><\/div><div class='flex_column av-btslt-d5a7d43dc7789b416f83e47f4c62116f av_one_half  avia-builder-el-6  el_after_av_one_half  avia-builder-el-last  flex_column_div '     ><style type=\"text\/css\" data-created_by=\"avia_inline_auto\" id=\"style-css-av-lrj9vbkc-54271e2e626955c327c7a535982ec4e0\">\n.avia-image-container.av-lrj9vbkc-54271e2e626955c327c7a535982ec4e0 img.avia_image{\nbox-shadow:none;\n}\n.avia-image-container.av-lrj9vbkc-54271e2e626955c327c7a535982ec4e0 .av-image-caption-overlay-center{\ncolor:#ffffff;\n}\n<\/style>\n<div  class='avia-image-container av-lrj9vbkc-54271e2e626955c327c7a535982ec4e0 av-styling- avia-align-center  avia-builder-el-7  avia-builder-el-no-sibling '   itemprop=\"image\" itemscope=\"itemscope\" itemtype=\"https:\/\/schema.org\/ImageObject\" ><div class=\"avia-image-container-inner\"><div class=\"avia-image-overlay-wrap\"><img decoding=\"async\" class='wp-image-1037 avia-img-lazy-loading-not-1037 avia_image ' src=\"https:\/\/barteatreneu.com\/wp-content\/uploads\/2024\/01\/trabaja-con-nosotros-inter-1-scaled.jpg\" alt='' title=''  height=\"1707\" width=\"2560\"  itemprop=\"thumbnailUrl\" srcset=\"https:\/\/barteatreneu.com\/wp-content\/uploads\/2024\/01\/trabaja-con-nosotros-inter-1-scaled.jpg 2560w, https:\/\/barteatreneu.com\/wp-content\/uploads\/2024\/01\/trabaja-con-nosotros-inter-1-300x200.jpg 300w, https:\/\/barteatreneu.com\/wp-content\/uploads\/2024\/01\/trabaja-con-nosotros-inter-1-1030x687.jpg 1030w, https:\/\/barteatreneu.com\/wp-content\/uploads\/2024\/01\/trabaja-con-nosotros-inter-1-768x512.jpg 768w, https:\/\/barteatreneu.com\/wp-content\/uploads\/2024\/01\/trabaja-con-nosotros-inter-1-1536x1024.jpg 1536w, https:\/\/barteatreneu.com\/wp-content\/uploads\/2024\/01\/trabaja-con-nosotros-inter-1-2048x1365.jpg 2048w, https:\/\/barteatreneu.com\/wp-content\/uploads\/2024\/01\/trabaja-con-nosotros-inter-1-1500x1000.jpg 1500w, https:\/\/barteatreneu.com\/wp-content\/uploads\/2024\/01\/trabaja-con-nosotros-inter-1-705x470.jpg 705w, https:\/\/barteatreneu.com\/wp-content\/uploads\/2024\/01\/trabaja-con-nosotros-inter-1-450x300.jpg 450w, https:\/\/barteatreneu.com\/wp-content\/uploads\/2024\/01\/trabaja-con-nosotros-inter-1-600x400.jpg 600w\" sizes=\"(max-width: 2560px) 100vw, 2560px\" \/><\/div><\/div><\/div><\/div>\n","protected":false},"excerpt":{"rendered":"","protected":false},"author":1,"featured_media":0,"parent":0,"menu_order":0,"comment_status":"closed","ping_status":"closed","template":"","meta":{"_price":"","_stock":"","_tribe_ticket_header":"","_tribe_default_ticket_provider":"","_tribe_ticket_capacity":"0","_ticket_start_date":"","_ticket_end_date":"","_tribe_ticket_show_description":"","_tribe_ticket_show_not_going":false,"_tribe_ticket_use_global_stock":"","_tribe_ticket_global_stock_level":"","_global_stock_mode":"","_global_stock_cap":"","_tribe_rsvp_for_event":"","_tribe_ticket_going_count":"","_tribe_ticket_not_going_count":"","_tribe_tickets_list":"[]","_tribe_ticket_has_attendee_info_fields":false,"footnotes":"","_tec_slr_enabled":"","_tec_slr_layout":""},"class_list":["post-1385","page","type-page","status-publish","hentry"],"yoast_head":"<!-- This site is optimized with the Yoast SEO plugin v27.3 - https:\/\/yoast.com\/product\/yoast-seo-wordpress\/ -->\n<title>Treballa amb Nosaltres - El Bar del Teatreneu<\/title>\n<meta name=\"robots\" content=\"index, follow, max-snippet:-1, max-image-preview:large, max-video-preview:-1\" \/>\n<link rel=\"canonical\" href=\"https:\/\/barteatreneu.com\/ca\/treballa-amb-nosaltres\/\" \/>\n<meta property=\"og:locale\" content=\"ca_ES\" \/>\n<meta property=\"og:type\" content=\"article\" \/>\n<meta property=\"og:title\" content=\"Treballa amb Nosaltres - El Bar del Teatreneu\" \/>\n<meta property=\"og:url\" content=\"https:\/\/barteatreneu.com\/ca\/treballa-amb-nosaltres\/\" \/>\n<meta property=\"og:site_name\" content=\"El Bar del Teatreneu\" \/>\n<meta property=\"article:modified_time\" content=\"2024-03-15T11:30:59+00:00\" \/>\n<meta name=\"twitter:card\" content=\"summary_large_image\" \/>\n<meta name=\"twitter:label1\" content=\"Temps estimat de lectura\" \/>\n\t<meta name=\"twitter:data1\" content=\"1 minut\" \/>\n<script type=\"application\/ld+json\" class=\"yoast-schema-graph\">{\"@context\":\"https:\\\/\\\/schema.org\",\"@graph\":[{\"@type\":\"WebPage\",\"@id\":\"https:\\\/\\\/barteatreneu.com\\\/ca\\\/treballa-amb-nosaltres\\\/\",\"url\":\"https:\\\/\\\/barteatreneu.com\\\/ca\\\/treballa-amb-nosaltres\\\/\",\"name\":\"Treballa amb Nosaltres - El Bar del Teatreneu\",\"isPartOf\":{\"@id\":\"https:\\\/\\\/barteatreneu.com\\\/ca\\\/#website\"},\"datePublished\":\"2024-01-18T12:53:33+00:00\",\"dateModified\":\"2024-03-15T11:30:59+00:00\",\"breadcrumb\":{\"@id\":\"https:\\\/\\\/barteatreneu.com\\\/ca\\\/treballa-amb-nosaltres\\\/#breadcrumb\"},\"inLanguage\":\"ca\",\"potentialAction\":[{\"@type\":\"ReadAction\",\"target\":[\"https:\\\/\\\/barteatreneu.com\\\/ca\\\/treballa-amb-nosaltres\\\/\"]}]},{\"@type\":\"BreadcrumbList\",\"@id\":\"https:\\\/\\\/barteatreneu.com\\\/ca\\\/treballa-amb-nosaltres\\\/#breadcrumb\",\"itemListElement\":[{\"@type\":\"ListItem\",\"position\":1,\"name\":\"Portada\",\"item\":\"https:\\\/\\\/barteatreneu.com\\\/ca\\\/inici\\\/\"},{\"@type\":\"ListItem\",\"position\":2,\"name\":\"Treballa amb Nosaltres\"}]},{\"@type\":\"WebSite\",\"@id\":\"https:\\\/\\\/barteatreneu.com\\\/ca\\\/#website\",\"url\":\"https:\\\/\\\/barteatreneu.com\\\/ca\\\/\",\"name\":\"El Bar del Teatreneu\",\"description\":\"\",\"potentialAction\":[{\"@type\":\"SearchAction\",\"target\":{\"@type\":\"EntryPoint\",\"urlTemplate\":\"https:\\\/\\\/barteatreneu.com\\\/ca\\\/?s={search_term_string}\"},\"query-input\":{\"@type\":\"PropertyValueSpecification\",\"valueRequired\":true,\"valueName\":\"search_term_string\"}}],\"inLanguage\":\"ca\"}]}<\/script>\n<!-- \/ Yoast SEO plugin. -->","yoast_head_json":{"title":"Treballa amb Nosaltres - El Bar del Teatreneu","robots":{"index":"index","follow":"follow","max-snippet":"max-snippet:-1","max-image-preview":"max-image-preview:large","max-video-preview":"max-video-preview:-1"},"canonical":"https:\/\/barteatreneu.com\/ca\/treballa-amb-nosaltres\/","og_locale":"ca_ES","og_type":"article","og_title":"Treballa amb Nosaltres - El Bar del Teatreneu","og_url":"https:\/\/barteatreneu.com\/ca\/treballa-amb-nosaltres\/","og_site_name":"El Bar del Teatreneu","article_modified_time":"2024-03-15T11:30:59+00:00","twitter_card":"summary_large_image","twitter_misc":{"Temps estimat de lectura":"1 minut"},"schema":{"@context":"https:\/\/schema.org","@graph":[{"@type":"WebPage","@id":"https:\/\/barteatreneu.com\/ca\/treballa-amb-nosaltres\/","url":"https:\/\/barteatreneu.com\/ca\/treballa-amb-nosaltres\/","name":"Treballa amb Nosaltres - El Bar del Teatreneu","isPartOf":{"@id":"https:\/\/barteatreneu.com\/ca\/#website"},"datePublished":"2024-01-18T12:53:33+00:00","dateModified":"2024-03-15T11:30:59+00:00","breadcrumb":{"@id":"https:\/\/barteatreneu.com\/ca\/treballa-amb-nosaltres\/#breadcrumb"},"inLanguage":"ca","potentialAction":[{"@type":"ReadAction","target":["https:\/\/barteatreneu.com\/ca\/treballa-amb-nosaltres\/"]}]},{"@type":"BreadcrumbList","@id":"https:\/\/barteatreneu.com\/ca\/treballa-amb-nosaltres\/#breadcrumb","itemListElement":[{"@type":"ListItem","position":1,"name":"Portada","item":"https:\/\/barteatreneu.com\/ca\/inici\/"},{"@type":"ListItem","position":2,"name":"Treballa amb Nosaltres"}]},{"@type":"WebSite","@id":"https:\/\/barteatreneu.com\/ca\/#website","url":"https:\/\/barteatreneu.com\/ca\/","name":"El Bar del Teatreneu","description":"","potentialAction":[{"@type":"SearchAction","target":{"@type":"EntryPoint","urlTemplate":"https:\/\/barteatreneu.com\/ca\/?s={search_term_string}"},"query-input":{"@type":"PropertyValueSpecification","valueRequired":true,"valueName":"search_term_string"}}],"inLanguage":"ca"}]}},"ticketed":false,"_links":{"self":[{"href":"https:\/\/barteatreneu.com\/ca\/wp-json\/wp\/v2\/pages\/1385","targetHints":{"allow":["GET"]}}],"collection":[{"href":"https:\/\/barteatreneu.com\/ca\/wp-json\/wp\/v2\/pages"}],"about":[{"href":"https:\/\/barteatreneu.com\/ca\/wp-json\/wp\/v2\/types\/page"}],"author":[{"embeddable":true,"href":"https:\/\/barteatreneu.com\/ca\/wp-json\/wp\/v2\/users\/1"}],"replies":[{"embeddable":true,"href":"https:\/\/barteatreneu.com\/ca\/wp-json\/wp\/v2\/comments?post=1385"}],"version-history":[{"count":4,"href":"https:\/\/barteatreneu.com\/ca\/wp-json\/wp\/v2\/pages\/1385\/revisions"}],"predecessor-version":[{"id":1525,"href":"https:\/\/barteatreneu.com\/ca\/wp-json\/wp\/v2\/pages\/1385\/revisions\/1525"}],"wp:attachment":[{"href":"https:\/\/barteatreneu.com\/ca\/wp-json\/wp\/v2\/media?parent=1385"}],"curies":[{"name":"wp","href":"https:\/\/api.w.org\/{rel}","templated":true}]}}