{"id":1395,"date":"2023-06-07T13:13:34","date_gmt":"2023-06-07T12:13:34","guid":{"rendered":"https:\/\/barteatreneu.com\/politica-de-privacidad\/"},"modified":"2024-03-15T11:51:43","modified_gmt":"2024-03-15T10:51:43","slug":"politica-de-privadesa","status":"publish","type":"page","link":"https:\/\/barteatreneu.com\/ca\/politica-de-privadesa\/","title":{"rendered":"Pol\u00edtica de Privadesa"},"content":{"rendered":"\r\n<h1 class=\"wp-block-heading\" style=\"text-align: center;\">Pol\u00edtica de Privadesa<\/h1>\r\n<h4><strong>RESPONSABLE DEL TRACTAMENT BARCELONA NIT I DIA SLU <b>c\/ Sitges 5, 08001, Barcelona<\/b><\/strong><\/h4>\r\n<p>Email: rgpd@ovellanegra.net<\/p>\r\n<p>Contacte Delegat de Protecci\u00f3 de Dades\/Oficina de Privacitat: rgpd@ovellanegra.net<\/p>\r\n<p><strong>PER QU\u00c8 I PER A QU\u00c8 TRACTEM LES SEVES DADES PERSONALS?<\/strong><\/p>\r\n<p>A continuaci\u00f3, es detallen les diferents finalitats de tractament per part de l\u2019Empresa:<\/p>\r\n<p><strong>FINALITAT DEL TRACTAMENT\u00a0<\/strong><\/p>\r\n<p>S\u00f3n necessaris per a la signatura del contracte o la prestaci\u00f3 del servei que ens sol\u00b7licita.<\/p>\r\n<p>Tractarem les seves dades per informar-lo sobre la contractaci\u00f3 de productes i serveis de l\u2019Empresa, per a la seva contractaci\u00f3, aix\u00ed com per mantenir i complir el contracte. Per complir el contracte, podrem acudir a fonts d\u2019informaci\u00f3 obertes, com ara diaris i butlletins oficials, registres p\u00fablics, resolucions de les Administracions P\u00fabliques, guies telef\u00f2niques, llistes de persones pertanyents a col\u00b7legis professionals, llistes oficials per a la prevenci\u00f3 del frau, xarxes socials i Internet.<\/p>\r\n<p><strong>Tractaments realitzats pel seu consentiment.<\/strong><\/p>\r\n<p>Sempre que hagi prestat el seu consentiment a trav\u00e9s del quadre habilitat a l\u2019efecte en el formulari que posar\u00edem a la seva disposici\u00f3.<\/p>\r\n<p><strong>Desenvolupament d\u2019accions comercials:<\/strong><\/p>\r\n<ul>\r\n<li aria-level=\"1\">Tractarem les seves dades per al desenvolupament d\u2019accions comercials, tant generals com personalitzades, per oferir-li productes i\/o serveis diferents dels que tingu\u00e9s contractats amb l\u2019Empresa, felicitar-lo en dates assenyalades, incloure\u2019l en programes de fidelitzaci\u00f3 i participar en sortejos organitzats per l\u2019Empresa. Aquestes accions comercials podran ser per qualsevol mitj\u00e0, inclosos els telem\u00e0tics (correu electr\u00f2nic, fax, SMS, xarxes socials, aplicacions m\u00f2bils, etc.). Aquesta autoritzaci\u00f3 existir\u00e0 fins i tot un cop acabada la seva relaci\u00f3 amb l\u2019Empresa.\u00a0<\/li>\r\n<li aria-level=\"1\">Tractarem les seves dades per al desenvolupament d\u2019accions comercials, tant generals com personalitzades, per oferir-li productes i\/o serveis de l\u2019Empresa, empreses col\u00b7laboradores i\/o participades. Aquestes accions comercials podran ser per qualsevol mitj\u00e0, inclosos els telem\u00e0tics (correu electr\u00f2nic, fax, SMS, xarxes socials, aplicacions m\u00f2bils, etc.). Aquesta autoritzaci\u00f3 existir\u00e0 fins i tot un cop acabada la seva relaci\u00f3 amb l\u2019Empresa. Les empreses col\u00b7laboradores i\/o participades sobre les quals podran versar les accions comercials pertanyen als sectors relacionats amb l\u2019Empresa.<\/li>\r\n<\/ul>\r\n<p><strong>Comunicaci\u00f3 de dades:<\/strong><\/p>\r\n<ul>\r\n<li aria-level=\"1\">Comunicarem les seves dades a empreses del Grup, aix\u00ed com a empreses col\u00b7laboradores i\/o participades per l\u2019Empresa (a t\u00edtol d\u2019exemple, entitats asseguradores), per al desenvolupament d\u2019accions comercials per part d\u2019aquestes, tant generals com personalitzades, sobre els seus productes i serveis. Aquestes accions comercials podran ser per qualsevol mitj\u00e0, tant f\u00edsics com telem\u00e0tics (correu electr\u00f2nic, fax, SMS, xarxes socials, aplicacions m\u00f2bils, etc.). Podr\u00e0 accedir al llistat complet de societats a les quals comunicarem les seves dades sol\u00b7licitant-ho a rgpd@ovellanegra.net\u00a0<\/li>\r\n<li aria-level=\"1\">En cas que vost\u00e8 no autoritzi el tractament de les seves dades per a les anteriors finalitats, aix\u00f2 no afectar\u00e0 al manteniment o compliment de la relaci\u00f3 contractual que mant\u00e9 amb l\u2019Empresa.<\/li>\r\n<\/ul>\r\n<p><strong>Tractaments realitzats per inter\u00e8s leg\u00edtim\u00a0<\/strong><\/p>\r\n<ul>\r\n<li aria-level=\"1\">Tractarem les seves dades per al desenvolupament d\u2019accions comercials, tant generals com personalitzades, per oferir-li productes o serveis de l\u2019Empresa similars als que ja tingui contractats. Les accions comercials podran ser per qualsevol mitj\u00e0, inclosos els telem\u00e0tics (correu electr\u00f2nic, fax, SMS, xarxes socials, aplicacions m\u00f2bils, etc). Per poder oferir-li productes i serveis personalitzats, nom\u00e9s utilitzarem les dades que tinguem de Vost\u00e8 de l\u2019\u00faltim any.\u00a0<\/li>\r\n<li aria-level=\"1\">Tractarem les seves dades per a realitzar observacions i recomanar-li productes i serveis de l\u2019Empresa. En concret, tractarem els moviments transaccionals dels productes i\/o serveis que Vost\u00e8 tingui contractats amb l\u2019Empresa. Consultarem la informaci\u00f3 que tinguem per la gesti\u00f3 dels serveis que li prestem o dels productes que hagi contractat o mantingui contractats en l\u2019\u00faltim any. Nom\u00e9s podrem consultar la informaci\u00f3 procedent d\u2019empreses que facilitin informaci\u00f3, si Vost\u00e8 ens d\u00f3na el seu consentiment a trav\u00e9s del quadre corresponent del q\u00fcestionari.\u00a0<\/li>\r\n<li aria-level=\"1\">Mitjan\u00e7ant els dos (2) tractaments anteriors, l\u2019Empresa persegueix l\u2019inter\u00e8s leg\u00edtim d\u2019oferir-li els productes i serveis que millor s\u2019adaptin a les seves caracter\u00edstiques personals, aix\u00ed com a millors condicions en productes o serveis que hagi contractat, o que pugui contractar en el futur.\u00a0<\/li>\r\n<li aria-level=\"1\">Gravarem la seva veu i\/o la seva imatge i conservarem la conversa telef\u00f2nica i\/o v\u00eddeo, quan ho indiquem de forma expressa. Els interessos leg\u00edtims de l\u2019Empresa s\u00f3n mantenir la qualitat del servei i utilitzar les gravacions com a prova en judici i fora d\u2019ell, en cas necessari.\u00a0<\/li>\r\n<li aria-level=\"1\">Comunicarem les seves dades a altres empreses del Grup i tercers empreses participades i\/o empreses col\u00b7laboradores (a t\u00edtol d\u2019exemple, entitats asseguradores), en cas que Vost\u00e8, en qualitat de client de l\u2019Empresa, dugui a terme la contractaci\u00f3 d\u2019alguns dels productes i\/o serveis d\u2019aquestes entitats que s\u00f3n comercialitzats per l\u2019Empresa. En aquest cas, la cessi\u00f3 afectar\u00e0 \u00fanicament a un nombre limitat de dades merament identificatives que l\u2019Empresa disposa sobre la seva persona, en concret, els estrictament necessaris per a la celebraci\u00f3 del contracte. Es pret\u00e9n amb aix\u00f2 simplificar i agilitar la contractaci\u00f3 a trav\u00e9s de l\u2019Empresa dels productes que aquest comercialitza d\u2019altres empreses del Grup o de tercers empreses, atesa la seva condici\u00f3 de client de l\u2019Empresa. Podr\u00e0 accedir al llistat complet de societats a les quals comunicarem les seves dades sol\u00b7licitant-ho a rgpd@ovellanegra.net\u00a0<\/li>\r\n<li aria-level=\"1\">Podr\u00e0 sol\u00b7licitar l\u2019oposici\u00f3 a qualsevol dels tractaments anteriors basats en l\u2019inter\u00e8s leg\u00edtim. Per aix\u00f2, s\u2019ha de dirigir a rgpd@ovellanegra.net<\/li>\r\n<\/ul>\r\n<p><strong>Tractaments realitzats per al compliment d\u2019una obligaci\u00f3 legal\u00a0<\/strong><\/p>\r\n<ul>\r\n<li aria-level=\"1\">Tractarem les seves dades per a activitats de l\u2019Empresa o la concessi\u00f3 de la qual es sol\u00b7licita o ens pogu\u00e9s sol\u00b7licitar en un futur.\u00a0<\/li>\r\n<li aria-level=\"1\">Tractarem les seves dades per complir les obligacions legals i fiscals que resultin aplicables.<\/li>\r\n<\/ul>\r\n<p>&nbsp;<\/p>\r\n<p><strong>COM OBTENIM LES SEVES DADES?\u00a0<\/strong><\/p>\r\n<p>L\u2019Empresa obt\u00e9 les seves dades per les seg\u00fcents fonts:\u00a0<\/p>\r\n<p>La informaci\u00f3 que Vost\u00e8 ens facilita quan contracta i mant\u00e9 productes i\/o serveis amb nosaltres, tant de forma directa com indirecta.\u00a0<\/p>\r\n<p>Alguns exemples s\u00f3n:\u00a0<\/p>\r\n<ul>\r\n<li aria-level=\"1\">a trav\u00e9s de consultes, transaccions, operacions o sol\u00b7licituds de contractes, serveis.<\/li>\r\n<li aria-level=\"1\">Fonts d\u2019informaci\u00f3 obertes, com ara diaris i butlletins oficials, registres p\u00fablics, resolucions de les Administracions P\u00fabliques, guies telef\u00f2niques, llistes de persones pertanyents a col\u00b7legis professionals, xarxes socials i Internet, i tercers empreses a les quals Vost\u00e8 hagi prestat el seu consentiment per a la cessi\u00f3 de les seves dades a l\u2019Empresa.\u00a0<\/li>\r\n<\/ul>\r\n<p>En particular, les dades que tractarem inclouen les seg\u00fcents categories:\u00a0<\/p>\r\n<p><strong>DURANT QUANT DE TEMPS CONSERVAREM LES SEVES DADES?\u00a0<\/strong><\/p>\r\n<p>Tractarem les seves dades personals mentre siguin necess\u00e0ries per a la finalitat per a la qual van ser recollides. Si cancel\u00b7la tots els contractes, vost\u00e8 podr\u00e0 Mantenir el consentiment per a desenvolupar accions comercials: tractarem les seves dades per a les accions comercials que hagi consentit. Revocar el consentiment per a desenvolupar accions comercials: cancel\u00b7larem les seves dades mitjan\u00e7ant el bloqueig de les mateixes. Amb aquest bloqueig, l\u2019Empresa no tindr\u00e0 acc\u00e9s a les seves dades i nom\u00e9s les tractar\u00e0 per a la seva posada a disposici\u00f3 a les Administracions P\u00fabliques competents, Jutges i Tribunals o el Ministeri Fiscal, per a l\u2019atenci\u00f3 de les possibles responsabilitats relacionades amb el tractament de les dades, en particular per a l\u2019exercici i defensa de reclamacions davant de l\u2019Ag\u00e8ncia Espanyola de Protecci\u00f3 de Dades. Conservarem les seves dades bloquejades durant els terminis previstos en les disposicions aplicables o, si s\u2019escau, en les relacions contractuals mantenides amb l\u2019Empresa, procedint a la supressi\u00f3 f\u00edsica de les seves dades un cop transcorreguts aquests terminis.<\/p>\r\n<p>&nbsp;<\/p>\r\n<p><strong>QUI REBR\u00c0 LES SEVES DADES?<\/strong><\/p>\r\n<p>Comunicarem les seves dades personals a:<\/p>\r\n<ol>\r\n<li aria-level=\"1\">Empreses del Grup amb aquestes finalitats:<\/li>\r\n<\/ol>\r\n<p>Desenvolupar accions comercials de productes i serveis tant generals com personalitzats. Contractar productes o serveis. Complir obligacions legals.<\/p>\r\n<p>Podr\u00e0 accedir al llistat complet de societats a les quals comunicarem les seves dades sol\u00b7licitant-ho a rgpd@ovellanegra.net<\/p>\r\n<ol>\r\n<li aria-level=\"1\">Organismes P\u00fablics, Ag\u00e8ncia Tribut\u00e0ria, Jutges i Tribunals i, en general, Autoritats competents, quan l\u2019Empresa tingui l\u2019obligaci\u00f3 legal de facilitar-los.<\/li>\r\n<li aria-level=\"1\">Empreses col\u00b7laboradores i\/o participades pel Grup<\/li>\r\n<\/ol>\r\n<p>Desenvolupar accions comercials de productes i serveis tant generals com personalitzades. Contractar productes i\/o serveis d\u2019aquestes entitats.<\/p>\r\n<p>Podr\u00e0 accedir al llistat complet de societats a les quals comunicarem les seves dades sol\u00b7licitant-ho a rgpd@ovellanegra.net<\/p>\r\n<ol>\r\n<li aria-level=\"1\">A banda de les anteriors comunicacions de dades, l\u2019Empresa compta amb la col\u00b7laboraci\u00f3 d\u2019uns tercers prove\u00efdors de serveis que tenen acc\u00e9s a les seves dades personals i que tracten les referides dades en nom i per compte de l\u2019Empresa com a conseq\u00fc\u00e8ncia de la seva prestaci\u00f3 de serveis.<\/li>\r\n<\/ol>\r\n<p>L\u2019Empresa segueix uns criteris estrictes de selecci\u00f3 de prove\u00efdors de serveis amb la finalitat de complir amb les seves obligacions en mat\u00e8ria de protecci\u00f3 de dades i es compromet a subscriure amb ells el corresponent contracte de tractament de dades mitjan\u00e7ant el qual els imposar\u00e0, entre d\u2019altres, les seg\u00fcents obligacions: aplicar mesures t\u00e8cniques i organitzatives apropiades: tractar les dades personals per a les finalitats pactades i atenent \u00fanicament a les instruccions documentades de l\u2019Empresa: i suprimir o tornar les dades a l\u2019Empresa un cop finalitzi la prestaci\u00f3 dels serveis.<\/p>\r\n<p>En concret, l\u2019Empresa contractar\u00e0 la prestaci\u00f3 de serveis per part de tercers prove\u00efdors que exerceixen la seva activitat, a t\u00edtol enunciatiu i no limitatiu, en els serveis i activitats relacionades amb l\u2019Empresa.<\/p>\r\n<p>&nbsp;<\/p>\r\n<p><strong>QUINS S\u00d3N ELS SEUS DRETS QUAN ENS FACILITA LES SEVES DADES?<\/strong><\/p>\r\n<p>Vost\u00e8 podr\u00e0 exercir els seus drets d\u2019acc\u00e9s, portabilitat, rectificaci\u00f3, supressi\u00f3, limitaci\u00f3 i oposici\u00f3 a no ser objecte d\u2019una decisi\u00f3 basada \u00fanicament en el tractament automatitzat. Aix\u00ed mateix, vost\u00e8 podr\u00e0 revocar en qualsevol moment el consentiment prestat.<\/p>\r\n<p>&nbsp;<\/p>\r\n<p><strong>PER EXERCIR ELS REFERITS DRETS, HA DE DIRIGIR-SE A:\u00a0<\/strong><\/p>\r\n<p><strong>BARCELONA NIT I DIA SLU<\/strong> (d\u2019ara endavant \u201cl\u2019Empresa\u201d). Adre\u00e7a: <b>c\/ Sitges 5, 08001, Barcelona<\/b><\/p>\r\n<p>Email:\u00a0<strong>rgpd@ovellanegra.net<\/strong><\/p>\r\n<p>&nbsp;<\/p>\r\n<p><strong>DEVANT QUI POT EXERCITAR LES SEVES RECLAMACIONS?<\/strong><\/p>\r\n<p>Vost\u00e8 podr\u00e0 dirigir-se sempre al Delegat de Protecci\u00f3 de Dades de l\u2019Empresa<\/p>\r\n<p>Tamb\u00e9 podr\u00e0 presentar una reclamaci\u00f3 davant l\u2019Ag\u00e8ncia Espanyola de Protecci\u00f3 de Dades, si est\u00e0 en desacord amb la resposta que hagi rebut de l\u2019Empresa. Disposa de la informaci\u00f3 necess\u00e0ria a la seva web:<a href=\"http:\/\/www.agpd.es\/\">\u00a0www.agpd.es<\/a><\/p>\r\n","protected":false},"excerpt":{"rendered":"<p>Pol\u00edtica de Privadesa RESPONSABLE DEL TRACTAMENT BARCELONA NIT I DIA SLU c\/ Sitges 5, 08001, Barcelona Email: rgpd@ovellanegra.net Contacte Delegat de Protecci\u00f3 de Dades\/Oficina de Privacitat: rgpd@ovellanegra.net PER QU\u00c8 I [&hellip;]<\/p>\n","protected":false},"author":1,"featured_media":0,"parent":0,"menu_order":0,"comment_status":"closed","ping_status":"closed","template":"","meta":{"_price":"","_stock":"","_tribe_ticket_header":"","_tribe_default_ticket_provider":"","_tribe_ticket_capacity":"0","_ticket_start_date":"","_ticket_end_date":"","_tribe_ticket_show_description":"","_tribe_ticket_show_not_going":false,"_tribe_ticket_use_global_stock":"","_tribe_ticket_global_stock_level":"","_global_stock_mode":"","_global_stock_cap":"","_tribe_rsvp_for_event":"","_tribe_ticket_going_count":"","_tribe_ticket_not_going_count":"","_tribe_tickets_list":"[]","_tribe_ticket_has_attendee_info_fields":false,"footnotes":"","_tec_slr_enabled":"","_tec_slr_layout":""},"class_list":["post-1395","page","type-page","status-publish","hentry"],"yoast_head":"<!-- This site is optimized with the Yoast SEO plugin v27.3 - https:\/\/yoast.com\/product\/yoast-seo-wordpress\/ -->\n<title>Pol\u00edtica de Privadesa - El Bar del Teatreneu<\/title>\n<meta name=\"robots\" content=\"index, follow, max-snippet:-1, max-image-preview:large, max-video-preview:-1\" \/>\n<link rel=\"canonical\" href=\"https:\/\/barteatreneu.com\/ca\/politica-de-privadesa\/\" \/>\n<meta property=\"og:locale\" content=\"ca_ES\" \/>\n<meta property=\"og:type\" content=\"article\" \/>\n<meta property=\"og:title\" content=\"Pol\u00edtica de Privadesa - El Bar del Teatreneu\" \/>\n<meta property=\"og:description\" content=\"Pol\u00edtica de Privadesa RESPONSABLE DEL TRACTAMENT BARCELONA NIT I DIA SLU c\/ Sitges 5, 08001, Barcelona Email: rgpd@ovellanegra.net Contacte Delegat de Protecci\u00f3 de Dades\/Oficina de Privacitat: rgpd@ovellanegra.net PER QU\u00c8 I [&hellip;]\" \/>\n<meta property=\"og:url\" content=\"https:\/\/barteatreneu.com\/ca\/politica-de-privadesa\/\" \/>\n<meta property=\"og:site_name\" content=\"El Bar del Teatreneu\" \/>\n<meta property=\"article:modified_time\" content=\"2024-03-15T10:51:43+00:00\" \/>\n<meta name=\"twitter:card\" content=\"summary_large_image\" \/>\n<meta name=\"twitter:label1\" content=\"Temps estimat de lectura\" \/>\n\t<meta name=\"twitter:data1\" content=\"8 minuts\" \/>\n<script type=\"application\/ld+json\" class=\"yoast-schema-graph\">{\"@context\":\"https:\\\/\\\/schema.org\",\"@graph\":[{\"@type\":\"WebPage\",\"@id\":\"https:\\\/\\\/barteatreneu.com\\\/ca\\\/politica-de-privadesa\\\/\",\"url\":\"https:\\\/\\\/barteatreneu.com\\\/ca\\\/politica-de-privadesa\\\/\",\"name\":\"Pol\u00edtica de Privadesa - El Bar del Teatreneu\",\"isPartOf\":{\"@id\":\"https:\\\/\\\/barteatreneu.com\\\/ca\\\/#website\"},\"datePublished\":\"2023-06-07T12:13:34+00:00\",\"dateModified\":\"2024-03-15T10:51:43+00:00\",\"breadcrumb\":{\"@id\":\"https:\\\/\\\/barteatreneu.com\\\/ca\\\/politica-de-privadesa\\\/#breadcrumb\"},\"inLanguage\":\"ca\",\"potentialAction\":[{\"@type\":\"ReadAction\",\"target\":[\"https:\\\/\\\/barteatreneu.com\\\/ca\\\/politica-de-privadesa\\\/\"]}]},{\"@type\":\"BreadcrumbList\",\"@id\":\"https:\\\/\\\/barteatreneu.com\\\/ca\\\/politica-de-privadesa\\\/#breadcrumb\",\"itemListElement\":[{\"@type\":\"ListItem\",\"position\":1,\"name\":\"Portada\",\"item\":\"https:\\\/\\\/barteatreneu.com\\\/ca\\\/inici\\\/\"},{\"@type\":\"ListItem\",\"position\":2,\"name\":\"Pol\u00edtica de Privadesa\"}]},{\"@type\":\"WebSite\",\"@id\":\"https:\\\/\\\/barteatreneu.com\\\/ca\\\/#website\",\"url\":\"https:\\\/\\\/barteatreneu.com\\\/ca\\\/\",\"name\":\"El Bar del Teatreneu\",\"description\":\"\",\"potentialAction\":[{\"@type\":\"SearchAction\",\"target\":{\"@type\":\"EntryPoint\",\"urlTemplate\":\"https:\\\/\\\/barteatreneu.com\\\/ca\\\/?s={search_term_string}\"},\"query-input\":{\"@type\":\"PropertyValueSpecification\",\"valueRequired\":true,\"valueName\":\"search_term_string\"}}],\"inLanguage\":\"ca\"}]}<\/script>\n<!-- \/ Yoast SEO plugin. -->","yoast_head_json":{"title":"Pol\u00edtica de Privadesa - El Bar del Teatreneu","robots":{"index":"index","follow":"follow","max-snippet":"max-snippet:-1","max-image-preview":"max-image-preview:large","max-video-preview":"max-video-preview:-1"},"canonical":"https:\/\/barteatreneu.com\/ca\/politica-de-privadesa\/","og_locale":"ca_ES","og_type":"article","og_title":"Pol\u00edtica de Privadesa - El Bar del Teatreneu","og_description":"Pol\u00edtica de Privadesa RESPONSABLE DEL TRACTAMENT BARCELONA NIT I DIA SLU c\/ Sitges 5, 08001, Barcelona Email: rgpd@ovellanegra.net Contacte Delegat de Protecci\u00f3 de Dades\/Oficina de Privacitat: rgpd@ovellanegra.net PER QU\u00c8 I [&hellip;]","og_url":"https:\/\/barteatreneu.com\/ca\/politica-de-privadesa\/","og_site_name":"El Bar del Teatreneu","article_modified_time":"2024-03-15T10:51:43+00:00","twitter_card":"summary_large_image","twitter_misc":{"Temps estimat de lectura":"8 minuts"},"schema":{"@context":"https:\/\/schema.org","@graph":[{"@type":"WebPage","@id":"https:\/\/barteatreneu.com\/ca\/politica-de-privadesa\/","url":"https:\/\/barteatreneu.com\/ca\/politica-de-privadesa\/","name":"Pol\u00edtica de Privadesa - El Bar del Teatreneu","isPartOf":{"@id":"https:\/\/barteatreneu.com\/ca\/#website"},"datePublished":"2023-06-07T12:13:34+00:00","dateModified":"2024-03-15T10:51:43+00:00","breadcrumb":{"@id":"https:\/\/barteatreneu.com\/ca\/politica-de-privadesa\/#breadcrumb"},"inLanguage":"ca","potentialAction":[{"@type":"ReadAction","target":["https:\/\/barteatreneu.com\/ca\/politica-de-privadesa\/"]}]},{"@type":"BreadcrumbList","@id":"https:\/\/barteatreneu.com\/ca\/politica-de-privadesa\/#breadcrumb","itemListElement":[{"@type":"ListItem","position":1,"name":"Portada","item":"https:\/\/barteatreneu.com\/ca\/inici\/"},{"@type":"ListItem","position":2,"name":"Pol\u00edtica de Privadesa"}]},{"@type":"WebSite","@id":"https:\/\/barteatreneu.com\/ca\/#website","url":"https:\/\/barteatreneu.com\/ca\/","name":"El Bar del Teatreneu","description":"","potentialAction":[{"@type":"SearchAction","target":{"@type":"EntryPoint","urlTemplate":"https:\/\/barteatreneu.com\/ca\/?s={search_term_string}"},"query-input":{"@type":"PropertyValueSpecification","valueRequired":true,"valueName":"search_term_string"}}],"inLanguage":"ca"}]}},"ticketed":false,"_links":{"self":[{"href":"https:\/\/barteatreneu.com\/ca\/wp-json\/wp\/v2\/pages\/1395","targetHints":{"allow":["GET"]}}],"collection":[{"href":"https:\/\/barteatreneu.com\/ca\/wp-json\/wp\/v2\/pages"}],"about":[{"href":"https:\/\/barteatreneu.com\/ca\/wp-json\/wp\/v2\/types\/page"}],"author":[{"embeddable":true,"href":"https:\/\/barteatreneu.com\/ca\/wp-json\/wp\/v2\/users\/1"}],"replies":[{"embeddable":true,"href":"https:\/\/barteatreneu.com\/ca\/wp-json\/wp\/v2\/comments?post=1395"}],"version-history":[{"count":3,"href":"https:\/\/barteatreneu.com\/ca\/wp-json\/wp\/v2\/pages\/1395\/revisions"}],"predecessor-version":[{"id":1510,"href":"https:\/\/barteatreneu.com\/ca\/wp-json\/wp\/v2\/pages\/1395\/revisions\/1510"}],"wp:attachment":[{"href":"https:\/\/barteatreneu.com\/ca\/wp-json\/wp\/v2\/media?parent=1395"}],"curies":[{"name":"wp","href":"https:\/\/api.w.org\/{rel}","templated":true}]}}