{"id":1403,"date":"2017-10-13T16:47:17","date_gmt":"2017-10-13T15:47:17","guid":{"rendered":"https:\/\/barteatreneu.com\/reservas\/"},"modified":"2024-05-31T10:33:49","modified_gmt":"2024-05-31T09:33:49","slug":"reserves","status":"publish","type":"page","link":"https:\/\/barteatreneu.com\/ca\/reserves\/","title":{"rendered":"Reserves"},"content":{"rendered":"\n<style type=\"text\/css\" data-created_by=\"avia_inline_auto\" id=\"style-css-av-5ekza5-aca5f97e450dfeaac64862415a084101\">\n.avia-section.av-5ekza5-aca5f97e450dfeaac64862415a084101{\nbackground-repeat:no-repeat;\nbackground-image:url(https:\/\/barteatreneu.com\/wp-content\/uploads\/2024\/03\/agenda-2.jpg);\nbackground-position:50% 50%;\nbackground-attachment:scroll;\n}\n.avia-section.av-5ekza5-aca5f97e450dfeaac64862415a084101 .av-section-color-overlay{\nopacity:0.4;\nbackground-color:#000000;\n}\n<\/style>\n<div id='av_section_1'  class='avia-section av-5ekza5-aca5f97e450dfeaac64862415a084101 main_color avia-section-huge avia-no-border-styling  avia-builder-el-0  el_before_av_section  avia-builder-el-first  avia-full-stretch avia-bg-style-scroll av-section-color-overlay-active container_wrap fullsize'  data-section-bg-repeat='stretch'><div class=\"av-section-color-overlay-wrap\"><div class=\"av-section-color-overlay\"><\/div><div class='container av-section-cont-open' ><main  role=\"main\" itemprop=\"mainContentOfPage\"  class='template-page content  av-content-full alpha units'><div class='post-entry post-entry-type-page post-entry-1403'><div class='entry-content-wrapper clearfix'>\n\n<style type=\"text\/css\" data-created_by=\"avia_inline_auto\" id=\"style-css-av-lrhvbsxw-99c80b4f2b804b4f1e987f147ae3c9ec\">\n#top .av-special-heading.av-lrhvbsxw-99c80b4f2b804b4f1e987f147ae3c9ec{\npadding-bottom:0;\nfont-size:90px;\n}\nbody .av-special-heading.av-lrhvbsxw-99c80b4f2b804b4f1e987f147ae3c9ec .av-special-heading-tag .heading-char{\nfont-size:25px;\n}\n#top #wrap_all .av-special-heading.av-lrhvbsxw-99c80b4f2b804b4f1e987f147ae3c9ec .av-special-heading-tag{\nfont-size:90px;\n}\n.av-special-heading.av-lrhvbsxw-99c80b4f2b804b4f1e987f147ae3c9ec .av-subheading{\nfont-size:15px;\n}\n\n@media only screen and (min-width: 480px) and (max-width: 767px){ \n#top #wrap_all .av-special-heading.av-lrhvbsxw-99c80b4f2b804b4f1e987f147ae3c9ec .av-special-heading-tag{\nfont-size:0.8em;\n}\n}\n\n@media only screen and (max-width: 479px){ \n#top #wrap_all .av-special-heading.av-lrhvbsxw-99c80b4f2b804b4f1e987f147ae3c9ec .av-special-heading-tag{\nfont-size:0.8em;\n}\n}\n<\/style>\n<div  class='av-special-heading av-lrhvbsxw-99c80b4f2b804b4f1e987f147ae3c9ec av-special-heading-h3 blockquote modern-quote modern-centered  avia-builder-el-1  avia-builder-el-no-sibling  av-inherit-size'><h3 class='av-special-heading-tag'  itemprop=\"headline\"  >Reserves<\/h3><div class=\"special-heading-border\"><div class=\"special-heading-inner-border\"><\/div><\/div><\/div>\n\n<\/div><\/div><\/main><!-- close content main element --><\/div><\/div><\/div>\n<style type=\"text\/css\" data-created_by=\"avia_inline_auto\" id=\"style-css-av-58veth-014abdc436642ffff858760ddfaaa83e\">\n.avia-section.av-58veth-014abdc436642ffff858760ddfaaa83e .av-section-color-overlay{\nopacity:0.7;\nbackground-color:#000000;\nbackground-image:url(https:\/\/barteatreneu.com\/wp-content\/themes\/enfold\/images\/background-images\/grunge-big-light.png);\nbackground-repeat:repeat;\n}\n<\/style>\n<div id='av_section_2'  class='avia-section av-58veth-014abdc436642ffff858760ddfaaa83e main_color avia-section-huge avia-no-border-styling  avia-builder-el-2  el_after_av_section  avia-builder-el-last  avia-bg-style-scroll av-section-color-overlay-active container_wrap fullsize'  ><div class=\"av-section-color-overlay-wrap\"><div class=\"av-section-color-overlay\"><\/div><div class='container av-section-cont-open' ><div class='template-page content  av-content-full alpha units'><div class='post-entry post-entry-type-page post-entry-1403'><div class='entry-content-wrapper clearfix'>\n<div class='flex_column av-tlldp-6d32c36185936129278f310c95e3f41f av_one_fourth  avia-builder-el-3  el_before_av_one_fourth  avia-builder-el-first  first flex_column_div '     ><\/div><div class='flex_column av-522311-1d23e64254c888ef8d8b908a05c334e1 av_one_fourth  avia-builder-el-4  el_after_av_one_fourth  el_before_av_one_fourth  flex_column_div '     ><p>\n<style type=\"text\/css\" data-created_by=\"avia_inline_auto\" id=\"style-css-av-lrhvdx55-012988aaf19573a3e3294f9276d36d13\">\n#top .av-special-heading.av-lrhvdx55-012988aaf19573a3e3294f9276d36d13{\npadding-bottom:10px;\n}\nbody .av-special-heading.av-lrhvdx55-012988aaf19573a3e3294f9276d36d13 .av-special-heading-tag .heading-char{\nfont-size:25px;\n}\n.av-special-heading.av-lrhvdx55-012988aaf19573a3e3294f9276d36d13 .av-subheading{\nfont-size:15px;\n}\n<\/style>\n<div  class='av-special-heading av-lrhvdx55-012988aaf19573a3e3294f9276d36d13 av-special-heading-h2 blockquote modern-quote modern-centered  avia-builder-el-5  el_before_av_image  avia-builder-el-first '><h2 class='av-special-heading-tag'  itemprop=\"headline\"  >Carta<\/h2><div class=\"special-heading-border\"><div class=\"special-heading-inner-border\"><\/div><\/div><\/div><br \/>\n\n<style type=\"text\/css\" data-created_by=\"avia_inline_auto\" id=\"style-css-av-lrhvczvj-f9e6d939a1aac2f217a0de6b62fec8a9\">\n.avia-image-container.av-lrhvczvj-f9e6d939a1aac2f217a0de6b62fec8a9 img.avia_image{\nbox-shadow:none;\n}\n.avia-image-container.av-lrhvczvj-f9e6d939a1aac2f217a0de6b62fec8a9 .av-image-caption-overlay-center{\ncolor:#ffffff;\n}\n<\/style>\n<div  class='avia-image-container av-lrhvczvj-f9e6d939a1aac2f217a0de6b62fec8a9 av-styling- avia-align-center  avia-builder-el-6  el_after_av_heading  el_before_av_hr '   itemprop=\"image\" itemscope=\"itemscope\" itemtype=\"https:\/\/schema.org\/ImageObject\" ><div class=\"avia-image-container-inner\"><div class=\"avia-image-overlay-wrap\"><a href=\"https:\/\/barteatreneu.com\/wp-content\/uploads\/2024\/02\/Menu-L_ON_TEATRENEU_2024_.pdf\" class='avia_image' target=\"_blank\" rel=\"noopener noreferrer\"><img decoding=\"async\" class='wp-image-1098 avia-img-lazy-loading-not-1098 avia_image ' src=\"https:\/\/barteatreneu.com\/wp-content\/uploads\/2024\/02\/restaurante-80x80.png\" alt='' title=''  height=\"80\" width=\"80\"  itemprop=\"thumbnailUrl\" srcset=\"https:\/\/barteatreneu.com\/wp-content\/uploads\/2024\/02\/restaurante-80x80.png 80w, https:\/\/barteatreneu.com\/wp-content\/uploads\/2024\/02\/restaurante-36x36.png 36w, https:\/\/barteatreneu.com\/wp-content\/uploads\/2024\/02\/restaurante-120x120.png 120w, https:\/\/barteatreneu.com\/wp-content\/uploads\/2024\/02\/restaurante-100x100.png 100w, https:\/\/barteatreneu.com\/wp-content\/uploads\/2024\/02\/restaurante.png 128w\" sizes=\"(max-width: 80px) 100vw, 80px\" \/><\/a><\/div><\/div><\/div><br \/>\n\n<style type=\"text\/css\" data-created_by=\"avia_inline_auto\" id=\"style-css-av-lrhvetei-ae26eba9fdc122f60c4584acff5bff92\">\n#top .hr.hr-invisible.av-lrhvetei-ae26eba9fdc122f60c4584acff5bff92{\nheight:50px;\n}\n<\/style>\n<div  class='hr av-lrhvetei-ae26eba9fdc122f60c4584acff5bff92 hr-invisible  avia-builder-el-7  el_after_av_image  avia-builder-el-last '><span class='hr-inner '><span class=\"hr-inner-style\"><\/span><\/span><\/div><\/p><\/div><div class='flex_column av-4w9opp-eab883e0be85c1e72bf9f163e4b56428 av_one_fourth  avia-builder-el-8  el_after_av_one_fourth  el_before_av_one_fourth  flex_column_div '     ><p>\n<style type=\"text\/css\" data-created_by=\"avia_inline_auto\" id=\"style-css-av-lrhvfacs-44c9a0355758a5940fc6a0a9a7acb890\">\n#top .av-special-heading.av-lrhvfacs-44c9a0355758a5940fc6a0a9a7acb890{\npadding-bottom:10px;\n}\nbody .av-special-heading.av-lrhvfacs-44c9a0355758a5940fc6a0a9a7acb890 .av-special-heading-tag .heading-char{\nfont-size:25px;\n}\n.av-special-heading.av-lrhvfacs-44c9a0355758a5940fc6a0a9a7acb890 .av-subheading{\nfont-size:15px;\n}\n<\/style>\n<div  class='av-special-heading av-lrhvfacs-44c9a0355758a5940fc6a0a9a7acb890 av-special-heading-h2 blockquote modern-quote modern-centered  avia-builder-el-9  el_before_av_image  avia-builder-el-first '><h2 class='av-special-heading-tag'  itemprop=\"headline\"  >Men\u00fa per a Grups<\/h2><div class=\"special-heading-border\"><div class=\"special-heading-inner-border\"><\/div><\/div><\/div><br \/>\n\n<style type=\"text\/css\" data-created_by=\"avia_inline_auto\" id=\"style-css-av-lrhvfxgf-d81b2d90475c62144383e7301ed65643\">\n.avia-image-container.av-lrhvfxgf-d81b2d90475c62144383e7301ed65643 img.avia_image{\nbox-shadow:none;\n}\n.avia-image-container.av-lrhvfxgf-d81b2d90475c62144383e7301ed65643 .av-image-caption-overlay-center{\ncolor:#ffffff;\n}\n<\/style>\n<div  class='avia-image-container av-lrhvfxgf-d81b2d90475c62144383e7301ed65643 av-styling- avia-align-center  avia-builder-el-10  el_after_av_heading  el_before_av_hr '   itemprop=\"image\" itemscope=\"itemscope\" itemtype=\"https:\/\/schema.org\/ImageObject\" ><div class=\"avia-image-container-inner\"><div class=\"avia-image-overlay-wrap\"><a href=\"https:\/\/barteatreneu.com\/wp-content\/uploads\/2024\/05\/MENU-PICA-PICA-TEATRENEU.pdf\" class='avia_image' target=\"_blank\" rel=\"noopener noreferrer\"><img decoding=\"async\" class='wp-image-1101 avia-img-lazy-loading-not-1101 avia_image ' src=\"https:\/\/barteatreneu.com\/wp-content\/uploads\/2024\/02\/grupo-de-chat-80x80.png\" alt='' title=''  height=\"80\" width=\"80\"  itemprop=\"thumbnailUrl\" srcset=\"https:\/\/barteatreneu.com\/wp-content\/uploads\/2024\/02\/grupo-de-chat-80x80.png 80w, https:\/\/barteatreneu.com\/wp-content\/uploads\/2024\/02\/grupo-de-chat-36x36.png 36w, https:\/\/barteatreneu.com\/wp-content\/uploads\/2024\/02\/grupo-de-chat-120x120.png 120w, https:\/\/barteatreneu.com\/wp-content\/uploads\/2024\/02\/grupo-de-chat-100x100.png 100w, https:\/\/barteatreneu.com\/wp-content\/uploads\/2024\/02\/grupo-de-chat.png 128w\" sizes=\"(max-width: 80px) 100vw, 80px\" \/><\/a><\/div><\/div><\/div><br \/>\n\n<style type=\"text\/css\" data-created_by=\"avia_inline_auto\" id=\"style-css-av-4rhg3h-5716d4e6523b9010df3cecebafeebb49\">\n#top .hr.hr-invisible.av-4rhg3h-5716d4e6523b9010df3cecebafeebb49{\nheight:50px;\n}\n<\/style>\n<div  class='hr av-4rhg3h-5716d4e6523b9010df3cecebafeebb49 hr-invisible  avia-builder-el-11  el_after_av_image  avia-builder-el-last '><span class='hr-inner '><span class=\"hr-inner-style\"><\/span><\/span><\/div><\/p><\/div><div class='flex_column av-nqkxh-daccc347cdc837a2ad1d153c16f5c860 av_one_fourth  avia-builder-el-12  el_after_av_one_fourth  el_before_av_one_fifth  flex_column_div '     ><\/div><div class='flex_column av-fgnmd-d04dcf97720d063567191d3e555c1d05 av_one_fifth  avia-builder-el-13  el_after_av_one_fourth  el_before_av_three_fifth  first flex_column_div column-top-margin'     ><\/div><div class='flex_column av-188g79-28550aaaece995abaa7d092e83ed87f6 av_three_fifth  avia-builder-el-14  el_after_av_one_fifth  el_before_av_one_fifth  flex_column_div column-top-margin'     ><p>\n<style type=\"text\/css\" data-created_by=\"avia_inline_auto\" id=\"style-css-av-lrhviuc7-4c4b6a7c563021c84855ef9156ec1790\">\n#top .av-special-heading.av-lrhviuc7-4c4b6a7c563021c84855ef9156ec1790{\npadding-bottom:10px;\n}\nbody .av-special-heading.av-lrhviuc7-4c4b6a7c563021c84855ef9156ec1790 .av-special-heading-tag .heading-char{\nfont-size:25px;\n}\n.av-special-heading.av-lrhviuc7-4c4b6a7c563021c84855ef9156ec1790 .av-subheading{\nfont-size:15px;\n}\n<\/style>\n<div  class='av-special-heading av-lrhviuc7-4c4b6a7c563021c84855ef9156ec1790 av-special-heading-h2 blockquote modern-quote modern-centered  avia-builder-el-15  el_before_av_textblock  avia-builder-el-first '><h2 class='av-special-heading-tag'  itemprop=\"headline\"  >Reserva taula \/ Esdeveniments<\/h2><div class=\"special-heading-border\"><div class=\"special-heading-inner-border\"><\/div><\/div><\/div><br \/>\n<section  class='av_textblock_section av-lrhvjqe5-25412883dbf89bf41d2c519cf0b6b71e'  itemscope=\"itemscope\" itemtype=\"https:\/\/schema.org\/CreativeWork\" ><div class='avia_textblock'  itemprop=\"text\" ><blockquote>\n<p style=\"text-align: left;\"><strong>Horari del local:<\/strong><\/p>\n<ul>\n<li aria-level=\"1\">Dilluns i dimarts: tancat<\/li>\n<li style=\"font-weight: 400; text-align: left;\" aria-level=\"1\">Dimecres i dijous: de 19:00 a 01:00<\/li>\n<li style=\"font-weight: 400; text-align: left;\" aria-level=\"1\">Divendres i dissabte: de 18:00 a 03:00<\/li>\n<li style=\"font-weight: 400; text-align: left;\" aria-level=\"1\">Diumenge: de 18:00 a 01:00<\/li>\n<\/ul>\n<\/blockquote>\n<p style=\"text-align: center;\"><span style=\"font-weight: 400;\">Per reservar una taula, pots posar-te en contacte de dimecres a diumenge, de 19h a 01h, trucant al tel\u00e8fon 932 844 896 o enviant un correu electr\u00f2nic a <a href=\"mailto:joan@ovellanegra.com\">joan@ovellanegra.com<\/a><\/span><\/p>\n<h4 style=\"text-align: center;\"><\/h4>\n<\/div><\/section><\/p><\/div><div class='flex_column av-7dbyt-c614fba316329370259896bcd14838ef av_one_fifth  avia-builder-el-17  el_after_av_three_fifth  avia-builder-el-last  flex_column_div column-top-margin'     ><\/div>\n","protected":false},"excerpt":{"rendered":"","protected":false},"author":1,"featured_media":0,"parent":0,"menu_order":0,"comment_status":"closed","ping_status":"closed","template":"","meta":{"_price":"","_stock":"","_tribe_ticket_header":"","_tribe_default_ticket_provider":"","_tribe_ticket_capacity":"0","_ticket_start_date":"","_ticket_end_date":"","_tribe_ticket_show_description":"","_tribe_ticket_show_not_going":false,"_tribe_ticket_use_global_stock":"","_tribe_ticket_global_stock_level":"","_global_stock_mode":"","_global_stock_cap":"","_tribe_rsvp_for_event":"","_tribe_ticket_going_count":"","_tribe_ticket_not_going_count":"","_tribe_tickets_list":"[]","_tribe_ticket_has_attendee_info_fields":false,"footnotes":"","_tec_slr_enabled":"","_tec_slr_layout":""},"class_list":["post-1403","page","type-page","status-publish","hentry"],"yoast_head":"<!-- This site is optimized with the Yoast SEO plugin v27.3 - https:\/\/yoast.com\/product\/yoast-seo-wordpress\/ -->\n<title>Reserves - El Bar del Teatreneu<\/title>\n<meta name=\"description\" content=\"Reserva la teva experi\u00e8ncia a El bar del Teatreneu. Troba el teu rac\u00f3 per a moments inoblidables i vine amb els teus amics a passar-ho b\u00e9.\" \/>\n<meta name=\"robots\" content=\"index, follow, max-snippet:-1, max-image-preview:large, max-video-preview:-1\" \/>\n<link rel=\"canonical\" href=\"https:\/\/barteatreneu.com\/ca\/reserves\/\" \/>\n<meta property=\"og:locale\" content=\"ca_ES\" \/>\n<meta property=\"og:type\" content=\"article\" \/>\n<meta property=\"og:title\" content=\"Reserves - El Bar del Teatreneu\" \/>\n<meta property=\"og:description\" content=\"Reserva la teva experi\u00e8ncia a El bar del Teatreneu. Troba el teu rac\u00f3 per a moments inoblidables i vine amb els teus amics a passar-ho b\u00e9.\" \/>\n<meta property=\"og:url\" content=\"https:\/\/barteatreneu.com\/ca\/reserves\/\" \/>\n<meta property=\"og:site_name\" content=\"El Bar del Teatreneu\" \/>\n<meta property=\"article:modified_time\" content=\"2024-05-31T09:33:49+00:00\" \/>\n<meta name=\"twitter:card\" content=\"summary_large_image\" \/>\n<meta name=\"twitter:label1\" content=\"Temps estimat de lectura\" \/>\n\t<meta name=\"twitter:data1\" content=\"1 minut\" \/>\n<script type=\"application\/ld+json\" class=\"yoast-schema-graph\">{\"@context\":\"https:\\\/\\\/schema.org\",\"@graph\":[{\"@type\":\"WebPage\",\"@id\":\"https:\\\/\\\/barteatreneu.com\\\/ca\\\/reserves\\\/\",\"url\":\"https:\\\/\\\/barteatreneu.com\\\/ca\\\/reserves\\\/\",\"name\":\"Reserves - El Bar del Teatreneu\",\"isPartOf\":{\"@id\":\"https:\\\/\\\/barteatreneu.com\\\/ca\\\/#website\"},\"datePublished\":\"2017-10-13T15:47:17+00:00\",\"dateModified\":\"2024-05-31T09:33:49+00:00\",\"description\":\"Reserva la teva experi\u00e8ncia a El bar del Teatreneu. Troba el teu rac\u00f3 per a moments inoblidables i vine amb els teus amics a passar-ho b\u00e9.\",\"breadcrumb\":{\"@id\":\"https:\\\/\\\/barteatreneu.com\\\/ca\\\/reserves\\\/#breadcrumb\"},\"inLanguage\":\"ca\",\"potentialAction\":[{\"@type\":\"ReadAction\",\"target\":[\"https:\\\/\\\/barteatreneu.com\\\/ca\\\/reserves\\\/\"]}]},{\"@type\":\"BreadcrumbList\",\"@id\":\"https:\\\/\\\/barteatreneu.com\\\/ca\\\/reserves\\\/#breadcrumb\",\"itemListElement\":[{\"@type\":\"ListItem\",\"position\":1,\"name\":\"Portada\",\"item\":\"https:\\\/\\\/barteatreneu.com\\\/ca\\\/inici\\\/\"},{\"@type\":\"ListItem\",\"position\":2,\"name\":\"Reserves\"}]},{\"@type\":\"WebSite\",\"@id\":\"https:\\\/\\\/barteatreneu.com\\\/ca\\\/#website\",\"url\":\"https:\\\/\\\/barteatreneu.com\\\/ca\\\/\",\"name\":\"El Bar del Teatreneu\",\"description\":\"\",\"potentialAction\":[{\"@type\":\"SearchAction\",\"target\":{\"@type\":\"EntryPoint\",\"urlTemplate\":\"https:\\\/\\\/barteatreneu.com\\\/ca\\\/?s={search_term_string}\"},\"query-input\":{\"@type\":\"PropertyValueSpecification\",\"valueRequired\":true,\"valueName\":\"search_term_string\"}}],\"inLanguage\":\"ca\"}]}<\/script>\n<!-- \/ Yoast SEO plugin. -->","yoast_head_json":{"title":"Reserves - El Bar del Teatreneu","description":"Reserva la teva experi\u00e8ncia a El bar del Teatreneu. Troba el teu rac\u00f3 per a moments inoblidables i vine amb els teus amics a passar-ho b\u00e9.","robots":{"index":"index","follow":"follow","max-snippet":"max-snippet:-1","max-image-preview":"max-image-preview:large","max-video-preview":"max-video-preview:-1"},"canonical":"https:\/\/barteatreneu.com\/ca\/reserves\/","og_locale":"ca_ES","og_type":"article","og_title":"Reserves - El Bar del Teatreneu","og_description":"Reserva la teva experi\u00e8ncia a El bar del Teatreneu. Troba el teu rac\u00f3 per a moments inoblidables i vine amb els teus amics a passar-ho b\u00e9.","og_url":"https:\/\/barteatreneu.com\/ca\/reserves\/","og_site_name":"El Bar del Teatreneu","article_modified_time":"2024-05-31T09:33:49+00:00","twitter_card":"summary_large_image","twitter_misc":{"Temps estimat de lectura":"1 minut"},"schema":{"@context":"https:\/\/schema.org","@graph":[{"@type":"WebPage","@id":"https:\/\/barteatreneu.com\/ca\/reserves\/","url":"https:\/\/barteatreneu.com\/ca\/reserves\/","name":"Reserves - El Bar del Teatreneu","isPartOf":{"@id":"https:\/\/barteatreneu.com\/ca\/#website"},"datePublished":"2017-10-13T15:47:17+00:00","dateModified":"2024-05-31T09:33:49+00:00","description":"Reserva la teva experi\u00e8ncia a El bar del Teatreneu. Troba el teu rac\u00f3 per a moments inoblidables i vine amb els teus amics a passar-ho b\u00e9.","breadcrumb":{"@id":"https:\/\/barteatreneu.com\/ca\/reserves\/#breadcrumb"},"inLanguage":"ca","potentialAction":[{"@type":"ReadAction","target":["https:\/\/barteatreneu.com\/ca\/reserves\/"]}]},{"@type":"BreadcrumbList","@id":"https:\/\/barteatreneu.com\/ca\/reserves\/#breadcrumb","itemListElement":[{"@type":"ListItem","position":1,"name":"Portada","item":"https:\/\/barteatreneu.com\/ca\/inici\/"},{"@type":"ListItem","position":2,"name":"Reserves"}]},{"@type":"WebSite","@id":"https:\/\/barteatreneu.com\/ca\/#website","url":"https:\/\/barteatreneu.com\/ca\/","name":"El Bar del Teatreneu","description":"","potentialAction":[{"@type":"SearchAction","target":{"@type":"EntryPoint","urlTemplate":"https:\/\/barteatreneu.com\/ca\/?s={search_term_string}"},"query-input":{"@type":"PropertyValueSpecification","valueRequired":true,"valueName":"search_term_string"}}],"inLanguage":"ca"}]}},"ticketed":false,"_links":{"self":[{"href":"https:\/\/barteatreneu.com\/ca\/wp-json\/wp\/v2\/pages\/1403","targetHints":{"allow":["GET"]}}],"collection":[{"href":"https:\/\/barteatreneu.com\/ca\/wp-json\/wp\/v2\/pages"}],"about":[{"href":"https:\/\/barteatreneu.com\/ca\/wp-json\/wp\/v2\/types\/page"}],"author":[{"embeddable":true,"href":"https:\/\/barteatreneu.com\/ca\/wp-json\/wp\/v2\/users\/1"}],"replies":[{"embeddable":true,"href":"https:\/\/barteatreneu.com\/ca\/wp-json\/wp\/v2\/comments?post=1403"}],"version-history":[{"count":5,"href":"https:\/\/barteatreneu.com\/ca\/wp-json\/wp\/v2\/pages\/1403\/revisions"}],"predecessor-version":[{"id":1635,"href":"https:\/\/barteatreneu.com\/ca\/wp-json\/wp\/v2\/pages\/1403\/revisions\/1635"}],"wp:attachment":[{"href":"https:\/\/barteatreneu.com\/ca\/wp-json\/wp\/v2\/media?parent=1403"}],"curies":[{"name":"wp","href":"https:\/\/api.w.org\/{rel}","templated":true}]}}